{"id":231,"date":"2017-07-26T15:21:00","date_gmt":"2017-07-26T13:21:00","guid":{"rendered":"https:\/\/akzente.jetzt\/?page_id=231"},"modified":"2018-02-15T13:19:51","modified_gmt":"2018-02-15T12:19:51","slug":"atelier","status":"publish","type":"page","link":"https:\/\/akzente.jetzt\/cms\/atelier\/","title":{"rendered":"Atelier"},"content":{"rendered":"<div class=\"12u\"><span class=\"image fit\"><img decoding=\"async\" src=\"https:\/\/akzente.jetzt\/cms\/wp-content\/uploads\/2017\/07\/20100611-CIMG5483-1.jpg\" alt=\"\" \/><\/span><\/div>\n<h2>Kommen Sie vorbei und werden Sie kreativ!<\/h2>\n<ul>\n<li>Malen an der Staffelei auf Keilrahmen mit Acrylfarben<\/li>\n<li>Collagen mit verschiedenen Materialien<\/li>\n<li>Farbenwelten mit Pastell- und \u00d6lkreiden auf Papier<\/li>\n<li>Filzen (Ketten, Deko &#8230;)<\/li>\n<li>Naturmaterialien kreativ verarbeiten<\/li>\n<li>Gipsen<\/li>\n<\/ul>\n<h3 style=\"text-align: center;\">\u201eKreativit\u00e4t macht den Kopf frei und gibt Denkanst\u00f6\u00dfe f\u00fcr Neues\u201c<\/h3>\n<p>&nbsp;<\/p>\n<style type=\"text\/css\">\r\n\t#foogallery-gallery-271 .fg-image {\r\n        width: 200px;\r\n    }\r\n<\/style>\r\n\t\t\t\t<div class=\"foogallery foogallery-container foogallery-default foogallery-lightbox-foogallery fg-gutter-10 fg-center fg-default fg-light fg-round-small fg-loading-default fg-loaded-fade-in fg-hover-fade fg-hover-eye fg-ready\" id=\"foogallery-gallery-271\" data-foogallery=\"{&quot;item&quot;:{&quot;showCaptionTitle&quot;:true,&quot;showCaptionDescription&quot;:false},&quot;lazy&quot;:true}\" data-foogallery-lightbox=\"{&quot;thumbs&quot;:&quot;bottom&quot;,&quot;thumbsCaptions&quot;:false,&quot;thumbsBestFit&quot;:false,&quot;thumbsSmall&quot;:false,&quot;thumbsCaptionsAlign&quot;:&quot;default&quot;,&quot;info&quot;:&quot;bottom&quot;,&quot;infoVisible&quot;:true,&quot;infoOverlay&quot;:true,&quot;infoAlign&quot;:&quot;default&quot;,&quot;transition&quot;:&quot;fade&quot;,&quot;hoverButtons&quot;:false,&quot;fitMedia&quot;:false,&quot;noScrollbars&quot;:true,&quot;preserveButtonSpace&quot;:true,&quot;buttons&quot;:{&quot;fullscreen&quot;:true,&quot;info&quot;:true,&quot;thumbs&quot;:false},&quot;video&quot;:{&quot;autoPlay&quot;:true}}\" >\r\n\t<div class=\"fg-item fg-type-image fg-idle\"><figure class=\"fg-item-inner\"><a href=\"https:\/\/akzente.jetzt\/cms\/wp-content\/uploads\/2017\/07\/20100611-CIMG5484.jpg\" data-attachment-id=\"274\" data-type=\"image\" class=\"fg-thumb\"><span class=\"fg-image-wrap\"><img decoding=\"async\" width=\"200\" height=\"100\" class=\"skip-lazy fg-image\" data-src-fg=\"https:\/\/akzente.jetzt\/cms\/wp-content\/uploads\/cache\/2017\/07\/20100611-CIMG5484\/2191613031.jpg\" data-srcset-fg=\"https:\/\/akzente.jetzt\/cms\/wp-content\/uploads\/cache\/2017\/07\/20100611-CIMG5484\/3203089711.jpg 2x,https:\/\/akzente.jetzt\/cms\/wp-content\/uploads\/cache\/2017\/07\/20100611-CIMG5484\/2865934871.jpg 3x,https:\/\/akzente.jetzt\/cms\/wp-content\/uploads\/cache\/2017\/07\/20100611-CIMG5484\/3330242495.jpg 4x\" src=\"data:image\/svg+xml,%3Csvg%20xmlns%3D%22http%3A%2F%2Fwww.w3.org%2F2000%2Fsvg%22%20width%3D%22200%22%20height%3D%22100%22%20viewBox%3D%220%200%20200%20100%22%3E%3C%2Fsvg%3E\" loading=\"eager\"><\/span><span class=\"fg-image-overlay\"><\/span><\/a><figcaption class=\"fg-caption\"><div class=\"fg-caption-inner\"><\/div><\/figcaption><\/figure><div class=\"fg-loader\"><\/div><\/div><div class=\"fg-item fg-type-image fg-idle\"><figure class=\"fg-item-inner\"><a href=\"https:\/\/akzente.jetzt\/cms\/wp-content\/uploads\/2017\/07\/20100612-CIMG5488.jpg\" data-attachment-id=\"276\" data-type=\"image\" class=\"fg-thumb\"><span class=\"fg-image-wrap\"><img decoding=\"async\" width=\"200\" height=\"100\" class=\"skip-lazy fg-image\" data-src-fg=\"https:\/\/akzente.jetzt\/cms\/wp-content\/uploads\/cache\/2017\/07\/20100612-CIMG5488\/2339680323.jpg\" data-srcset-fg=\"https:\/\/akzente.jetzt\/cms\/wp-content\/uploads\/cache\/2017\/07\/20100612-CIMG5488\/3074337035.jpg 2x,https:\/\/akzente.jetzt\/cms\/wp-content\/uploads\/cache\/2017\/07\/20100612-CIMG5488\/2735169075.jpg 3x\" src=\"data:image\/svg+xml,%3Csvg%20xmlns%3D%22http%3A%2F%2Fwww.w3.org%2F2000%2Fsvg%22%20width%3D%22200%22%20height%3D%22100%22%20viewBox%3D%220%200%20200%20100%22%3E%3C%2Fsvg%3E\" loading=\"eager\"><\/span><span class=\"fg-image-overlay\"><\/span><\/a><figcaption class=\"fg-caption\"><div class=\"fg-caption-inner\"><\/div><\/figcaption><\/figure><div class=\"fg-loader\"><\/div><\/div><div class=\"fg-item fg-type-image fg-idle\"><figure class=\"fg-item-inner\"><a href=\"https:\/\/akzente.jetzt\/cms\/wp-content\/uploads\/2017\/07\/20100612-CIMG5492.jpg\" data-attachment-id=\"277\" data-type=\"image\" class=\"fg-thumb\"><span class=\"fg-image-wrap\"><img decoding=\"async\" width=\"200\" height=\"100\" class=\"skip-lazy fg-image\" data-src-fg=\"https:\/\/akzente.jetzt\/cms\/wp-content\/uploads\/cache\/2017\/07\/20100612-CIMG5492\/3867634335.jpg\" data-srcset-fg=\"https:\/\/akzente.jetzt\/cms\/wp-content\/uploads\/cache\/2017\/07\/20100612-CIMG5492\/3670897623.jpg 2x,https:\/\/akzente.jetzt\/cms\/wp-content\/uploads\/cache\/2017\/07\/20100612-CIMG5492\/3472131311.jpg 3x\" src=\"data:image\/svg+xml,%3Csvg%20xmlns%3D%22http%3A%2F%2Fwww.w3.org%2F2000%2Fsvg%22%20width%3D%22200%22%20height%3D%22100%22%20viewBox%3D%220%200%20200%20100%22%3E%3C%2Fsvg%3E\" loading=\"eager\"><\/span><span class=\"fg-image-overlay\"><\/span><\/a><figcaption class=\"fg-caption\"><div class=\"fg-caption-inner\"><\/div><\/figcaption><\/figure><div class=\"fg-loader\"><\/div><\/div><div class=\"fg-item fg-type-image fg-idle\"><figure class=\"fg-item-inner\"><a href=\"https:\/\/akzente.jetzt\/cms\/wp-content\/uploads\/2017\/07\/20100612-CIMG5493.jpg\" data-attachment-id=\"278\" data-type=\"image\" class=\"fg-thumb\"><span class=\"fg-image-wrap\"><img decoding=\"async\" width=\"200\" height=\"100\" class=\"skip-lazy fg-image\" data-src-fg=\"https:\/\/akzente.jetzt\/cms\/wp-content\/uploads\/cache\/2017\/07\/20100612-CIMG5493\/3771127003.jpg\" data-srcset-fg=\"https:\/\/akzente.jetzt\/cms\/wp-content\/uploads\/cache\/2017\/07\/20100612-CIMG5493\/3700215187.jpg 2x,https:\/\/akzente.jetzt\/cms\/wp-content\/uploads\/cache\/2017\/07\/20100612-CIMG5493\/3367320235.jpg 3x,https:\/\/akzente.jetzt\/cms\/wp-content\/uploads\/cache\/2017\/07\/20100612-CIMG5493\/2753101571.jpg 4x\" src=\"data:image\/svg+xml,%3Csvg%20xmlns%3D%22http%3A%2F%2Fwww.w3.org%2F2000%2Fsvg%22%20width%3D%22200%22%20height%3D%22100%22%20viewBox%3D%220%200%20200%20100%22%3E%3C%2Fsvg%3E\" loading=\"eager\"><\/span><span class=\"fg-image-overlay\"><\/span><\/a><figcaption class=\"fg-caption\"><div class=\"fg-caption-inner\"><\/div><\/figcaption><\/figure><div class=\"fg-loader\"><\/div><\/div><div class=\"fg-item fg-type-image fg-idle\"><figure class=\"fg-item-inner\"><a href=\"https:\/\/akzente.jetzt\/cms\/wp-content\/uploads\/2017\/07\/20100612-CIMG5495.jpg\" data-attachment-id=\"279\" data-type=\"image\" class=\"fg-thumb\"><span class=\"fg-image-wrap\"><img decoding=\"async\" width=\"200\" height=\"100\" class=\"skip-lazy fg-image\" data-src-fg=\"https:\/\/akzente.jetzt\/cms\/wp-content\/uploads\/cache\/2017\/07\/20100612-CIMG5495\/3454078731.jpg\" data-srcset-fg=\"https:\/\/akzente.jetzt\/cms\/wp-content\/uploads\/cache\/2017\/07\/20100612-CIMG5495\/4054521411.jpg 2x,https:\/\/akzente.jetzt\/cms\/wp-content\/uploads\/cache\/2017\/07\/20100612-CIMG5495\/3851608443.jpg 3x,https:\/\/akzente.jetzt\/cms\/wp-content\/uploads\/cache\/2017\/07\/20100612-CIMG5495\/2302616787.jpg 4x\" src=\"data:image\/svg+xml,%3Csvg%20xmlns%3D%22http%3A%2F%2Fwww.w3.org%2F2000%2Fsvg%22%20width%3D%22200%22%20height%3D%22100%22%20viewBox%3D%220%200%20200%20100%22%3E%3C%2Fsvg%3E\" loading=\"eager\"><\/span><span class=\"fg-image-overlay\"><\/span><\/a><figcaption class=\"fg-caption\"><div class=\"fg-caption-inner\"><\/div><\/figcaption><\/figure><div class=\"fg-loader\"><\/div><\/div><div class=\"fg-item fg-type-image fg-idle\"><figure class=\"fg-item-inner\"><a href=\"https:\/\/akzente.jetzt\/cms\/wp-content\/uploads\/2017\/07\/20100612-CIMG5498.jpg\" data-attachment-id=\"280\" data-type=\"image\" class=\"fg-thumb\"><span class=\"fg-image-wrap\"><img decoding=\"async\" width=\"200\" height=\"100\" class=\"skip-lazy fg-image\" data-src-fg=\"https:\/\/akzente.jetzt\/cms\/wp-content\/uploads\/cache\/2017\/07\/20100612-CIMG5498\/3974271813.jpg\" data-srcset-fg=\"https:\/\/akzente.jetzt\/cms\/wp-content\/uploads\/cache\/2017\/07\/20100612-CIMG5498\/3500706317.jpg 2x,https:\/\/akzente.jetzt\/cms\/wp-content\/uploads\/cache\/2017\/07\/20100612-CIMG5498\/3297869109.jpg 3x\" src=\"data:image\/svg+xml,%3Csvg%20xmlns%3D%22http%3A%2F%2Fwww.w3.org%2F2000%2Fsvg%22%20width%3D%22200%22%20height%3D%22100%22%20viewBox%3D%220%200%20200%20100%22%3E%3C%2Fsvg%3E\" loading=\"eager\"><\/span><span class=\"fg-image-overlay\"><\/span><\/a><figcaption class=\"fg-caption\"><div class=\"fg-caption-inner\"><\/div><\/figcaption><\/figure><div class=\"fg-loader\"><\/div><\/div><div class=\"fg-item fg-type-image fg-idle\"><figure class=\"fg-item-inner\"><a href=\"https:\/\/akzente.jetzt\/cms\/wp-content\/uploads\/2017\/07\/Atelier_Garten_1.jpg\" data-attachment-id=\"806\" data-type=\"image\" class=\"fg-thumb\"><span class=\"fg-image-wrap\"><img decoding=\"async\" width=\"200\" height=\"100\" class=\"skip-lazy fg-image\" data-src-fg=\"https:\/\/akzente.jetzt\/cms\/wp-content\/uploads\/cache\/2017\/07\/Atelier_Garten_1\/1362192265.jpg\" data-srcset-fg=\"https:\/\/akzente.jetzt\/cms\/wp-content\/uploads\/cache\/2017\/07\/Atelier_Garten_1\/416087725.jpg 2x,https:\/\/akzente.jetzt\/cms\/wp-content\/uploads\/cache\/2017\/07\/Atelier_Garten_1\/543656369.jpg 3x,https:\/\/akzente.jetzt\/cms\/wp-content\/uploads\/cache\/2017\/07\/Atelier_Garten_1\/2335689957.jpg 4x\" src=\"data:image\/svg+xml,%3Csvg%20xmlns%3D%22http%3A%2F%2Fwww.w3.org%2F2000%2Fsvg%22%20width%3D%22200%22%20height%3D%22100%22%20viewBox%3D%220%200%20200%20100%22%3E%3C%2Fsvg%3E\" loading=\"eager\"><\/span><span class=\"fg-image-overlay\"><\/span><\/a><figcaption class=\"fg-caption\"><div class=\"fg-caption-inner\"><\/div><\/figcaption><\/figure><div class=\"fg-loader\"><\/div><\/div><div class=\"fg-item fg-type-image fg-idle\"><figure class=\"fg-item-inner\"><a href=\"https:\/\/akzente.jetzt\/cms\/wp-content\/uploads\/2017\/07\/Atelier_Garten_2.jpg\" data-attachment-id=\"807\" data-type=\"image\" class=\"fg-thumb\"><span class=\"fg-image-wrap\"><img decoding=\"async\" width=\"200\" height=\"100\" class=\"skip-lazy fg-image\" data-src-fg=\"https:\/\/akzente.jetzt\/cms\/wp-content\/uploads\/cache\/2017\/07\/Atelier_Garten_2\/2572814511.jpg\" data-srcset-fg=\"https:\/\/akzente.jetzt\/cms\/wp-content\/uploads\/cache\/2017\/07\/Atelier_Garten_2\/3500642699.jpg 2x,https:\/\/akzente.jetzt\/cms\/wp-content\/uploads\/cache\/2017\/07\/Atelier_Garten_2\/3893159575.jpg 3x,https:\/\/akzente.jetzt\/cms\/wp-content\/uploads\/cache\/2017\/07\/Atelier_Garten_2\/1130144707.jpg 4x\" src=\"data:image\/svg+xml,%3Csvg%20xmlns%3D%22http%3A%2F%2Fwww.w3.org%2F2000%2Fsvg%22%20width%3D%22200%22%20height%3D%22100%22%20viewBox%3D%220%200%20200%20100%22%3E%3C%2Fsvg%3E\" loading=\"eager\"><\/span><span class=\"fg-image-overlay\"><\/span><\/a><figcaption class=\"fg-caption\"><div class=\"fg-caption-inner\"><\/div><\/figcaption><\/figure><div class=\"fg-loader\"><\/div><\/div><\/div>\r\n\n<p>&nbsp;<\/p>\n<h2>Was werden Sie in meinem Atelier antreffen?<\/h2>\n<ul>\n<li>ein nettes Ambiente mit Garten<\/li>\n<li>K\u00fcnstlerbedarf, den Sie nutzen k\u00f6nnen<\/li>\n<li>wenn gew\u00fcnscht, eine kleine Verpflegung<\/li>\n<li>als Kurs, eine Gemeinschaft mit netten Gespr\u00e4chen (h\u00f6chstens 6 Personen)<\/li>\n<li>M\u00f6glichkeit f\u00fcr eine entspannte Auszeit<\/li>\n<\/ul>\n<h2 id=\"buchen\">Wer ist in meinem Atelier willkommen?<\/h2>\n<p>Alle! Hier gibt es keine Einschr\u00e4nkungen des Alters, des Geschlechts, der Behinderung. Es ist f\u00fcr jeden etwas dabei.<\/p>\n<hr \/>\n<h2>Was k\u00f6nnen sie bei mir buchen?<\/h2>\n<ul>\n<li>Einzelstunden<\/li>\n<li>Kurse<\/li>\n<li>Gestaltung vom Kindergeburtstag im Atelier oder bei Ihnen zu Hause<\/li>\n<\/ul>\n<p><!--\n\n<h2>Hier meine aktuelle Kursangebote:<\/h2>\n\n\n\n\n<ul>\n \t\n\n<li>Malen f\u00fcr die Seele<\/li>\n\n\n<\/ul>\n\n\nIn einer angenehmen Umgebung, bei Musik, Duft und in entspannter Athmosph\u00e4re,\u00a0entstehen spontane individuelle Bilder. Hierbei wird K\u00f6rper, Geist und Seele vereint\u00a0und Sie k\u00f6nnen Ihr kreatives Werk an der Staffelei zu \u00a0Papier bringen.\n\n\n<ul>\n \t\n\n<li><strong>Donnerstag 24.08.2017 um 20 Uhr im Atelier<\/strong><\/li>\n\n\n \t\n\n<li>Kursgeb\u00fchr: 25 \u20ac ( inklusive Getr\u00e4nk)<\/li>\n\n\n \t\n\n<li>telefonisch oder per Mail anmelden<\/li>\n\n\n<\/ul>\n\n\n\n\n\n<hr \/>\n\n\n\n\n\n<h2>Kreativkurs\u00a0f\u00fcr Kinder<\/h2>\n\n\nMit Spa\u00df, Freude und ohne Leistungsdruck k\u00f6nnen Kinder Ihre eigene Kreativit\u00e4t und den K\u00fcnstler in sich erkennen.\nIch biete verschiedene kreative\u00a0Bereiche an, wie Z.B. Malen mit Acrylfarben und Pastellkreiden, Filzen, modellieren mit Gips, mit Naturmaterialien basteln...\nKinder k\u00f6nnen hier m\u00fchelos mit einsteigen und los geht's.\n\n\n<ul>\n \t\n\n<li><strong>w\u00f6chentlich von: \u00a0 \u00a0 <\/strong>\u00a0 \u00a0 \u00a0\u00a0<strong> 15 Uhr - 16.30 Uhr<\/strong><\/li>\n\n\n \t\n\n<li>Einmalige Teilnahme: \u00a0 \u00a0 \u00a0 \u00a015 \u20ac + Materialkosten<\/li>\n\n\n \t\n\n<li>Dreimalige Teilnahme: \u00a0 \u00a0 \u00a0 35 \u20ac + Materialkosten<\/li>\n\n\n \t\n\n<li>telefonisch anmelden<\/li>\n\n\n<\/ul>\n\n\n\n\n\n<hr \/>\n\n\n\n\n\n<h2>Gestaltung Ihres Kindergeburtstages<\/h2>\n\n\nSie haben keine Idee mehr, mit was und wie Sie die Kinder am Kindergeburtstag besch\u00e4ftigen sollen?\nWie w\u00e4re es einmal mit einem Besuch im Atelier? Malen, basteln, filzen... was es werden soll, k\u00f6nnen Sie entscheiden.\n\nAuf Wunsch komme ich auch zu Ihnen nach Hause.\n\n\n<ul>\n \t\n\n<li><strong>Eventgestaltung im Atelier<\/strong>: 50 \u20ac + Material<\/li>\n\n\n \t\n\n<li><strong>Eventgestaltung zu Hause<\/strong> : 70 \u20ac + Material<\/li>\n\n\n \t\n\n<li>telefonische Anfrage oder per Mail<\/li>\n\n\n \t\n\n<li>Dauer: 1,5 - 2 Stunde<\/li>\n\n\n<\/ul>\n\n--><\/p>\n","protected":false},"excerpt":{"rendered":"<p>Kommen Sie vorbei und werden Sie kreativ! Malen an der Staffelei auf Keilrahmen mit Acrylfarben Collagen mit verschiedenen Materialien Farbenwelten mit Pastell- und \u00d6lkreiden auf Papier Filzen (Ketten, Deko &#8230;) Naturmaterialien kreativ verarbeiten Gipsen \u201eKreativit\u00e4t macht den Kopf frei und gibt Denkanst\u00f6\u00dfe f\u00fcr Neues\u201c &nbsp; &nbsp; Was werden Sie in meinem Atelier antreffen? ein nettes [&hellip;]<\/p>\n","protected":false},"author":1,"featured_media":0,"parent":0,"menu_order":0,"comment_status":"closed","ping_status":"closed","template":"","meta":{"footnotes":""},"_links":{"self":[{"href":"https:\/\/akzente.jetzt\/cms\/wp-json\/wp\/v2\/pages\/231"}],"collection":[{"href":"https:\/\/akzente.jetzt\/cms\/wp-json\/wp\/v2\/pages"}],"about":[{"href":"https:\/\/akzente.jetzt\/cms\/wp-json\/wp\/v2\/types\/page"}],"author":[{"embeddable":true,"href":"https:\/\/akzente.jetzt\/cms\/wp-json\/wp\/v2\/users\/1"}],"replies":[{"embeddable":true,"href":"https:\/\/akzente.jetzt\/cms\/wp-json\/wp\/v2\/comments?post=231"}],"version-history":[{"count":27,"href":"https:\/\/akzente.jetzt\/cms\/wp-json\/wp\/v2\/pages\/231\/revisions"}],"predecessor-version":[{"id":440,"href":"https:\/\/akzente.jetzt\/cms\/wp-json\/wp\/v2\/pages\/231\/revisions\/440"}],"wp:attachment":[{"href":"https:\/\/akzente.jetzt\/cms\/wp-json\/wp\/v2\/media?parent=231"}],"curies":[{"name":"wp","href":"https:\/\/api.w.org\/{rel}","templated":true}]}}